{"id":8,"date":"2017-06-01T16:20:30","date_gmt":"2017-06-01T14:20:30","guid":{"rendered":"http:\/\/r4h.pl\/?page_id=8"},"modified":"2017-11-15T13:32:30","modified_gmt":"2017-11-15T12:32:30","slug":"o-nas","status":"publish","type":"page","link":"https:\/\/r4h.pl\/index.php\/o-nas\/","title":{"rendered":"O nas"},"content":{"rendered":"<p>Witam chcemy wam zaprezentowa\u0107 co mo\u017cna zrobi\u0107 z Raspberry Pi<\/p>\n<p>Nie odkrywamy tu ko\u0142a na nowo. Chcieliby\u015bmy \u017ceby wszystko by\u0142o dost\u0119pne w jednym miejscu.<\/p>\n<p>Prosimy Was r\u00f3wnie\u017c o wsparcie na\u00a0<a href=\"https:\/\/r4h.pl\/index.php\/forum\/\">forum.\u00a0<\/a><\/p>\n","protected":false},"excerpt":{"rendered":"<p>Witam chcemy wam zaprezentowa\u0107 co mo\u017cna zrobi\u0107 z Raspberry Pi Nie odkrywamy tu ko\u0142a na nowo. Chcieliby\u015bmy \u017ceby wszystko by\u0142o dost\u0119pne w jednym miejscu. Prosimy Was r\u00f3wnie\u017c o wsparcie na\u00a0forum.\u00a0<\/p>\n","protected":false},"author":1,"featured_media":137,"parent":0,"menu_order":0,"comment_status":"closed","ping_status":"closed","template":"","meta":{"footnotes":""},"class_list":["post-8","page","type-page","status-publish","has-post-thumbnail","hentry"],"_links":{"self":[{"href":"https:\/\/r4h.pl\/index.php\/wp-json\/wp\/v2\/pages\/8","targetHints":{"allow":["GET"]}}],"collection":[{"href":"https:\/\/r4h.pl\/index.php\/wp-json\/wp\/v2\/pages"}],"about":[{"href":"https:\/\/r4h.pl\/index.php\/wp-json\/wp\/v2\/types\/page"}],"author":[{"embeddable":true,"href":"https:\/\/r4h.pl\/index.php\/wp-json\/wp\/v2\/users\/1"}],"replies":[{"embeddable":true,"href":"https:\/\/r4h.pl\/index.php\/wp-json\/wp\/v2\/comments?post=8"}],"version-history":[{"count":4,"href":"https:\/\/r4h.pl\/index.php\/wp-json\/wp\/v2\/pages\/8\/revisions"}],"predecessor-version":[{"id":135,"href":"https:\/\/r4h.pl\/index.php\/wp-json\/wp\/v2\/pages\/8\/revisions\/135"}],"wp:featuredmedia":[{"embeddable":true,"href":"https:\/\/r4h.pl\/index.php\/wp-json\/wp\/v2\/media\/137"}],"wp:attachment":[{"href":"https:\/\/r4h.pl\/index.php\/wp-json\/wp\/v2\/media?parent=8"}],"curies":[{"name":"wp","href":"https:\/\/api.w.org\/{rel}","templated":true}]}}