{"id":76,"date":"2017-08-31T15:45:30","date_gmt":"2017-08-31T13:45:30","guid":{"rendered":"http:\/\/r4h.pl\/?page_id=76"},"modified":"2017-09-04T22:18:30","modified_gmt":"2017-09-04T20:18:30","slug":"forum","status":"publish","type":"page","link":"https:\/\/r4h.pl\/index.php\/forum\/","title":{"rendered":"Forum"},"content":{"rendered":"<div id=\"af-wrapper\"><div id=\"forum-header\"><div id=\"forum-navigation-mobile\"><a><span class=\"fas fa-bars\"><\/span>Menu<\/a><\/div><span class=\"screen-reader-text\">Nawigacja po forum<\/span><div id=\"forum-navigation\"><a class=\"home-link\" href=\"https:\/\/r4h.pl\/index.php\/forum\" target=\"_self\">Forum<\/a><a class=\"members-link\" href=\"https:\/\/r4h.pl\/index.php\/forum\/members\/\" target=\"_self\">Cz\u0142onkowie<\/a><a class=\"activity-link\" href=\"https:\/\/r4h.pl\/index.php\/forum\/activity\/\" target=\"_self\">Aktywno\u015b\u0107<\/a><a class=\"login-link\" href=\"https:\/\/r4h.pl\/wp-login.php?redirect_to=https%3A%2F%2Fr4h.pl%2Findex.php%2Fwp-json%2Fwp%2Fv2%2Fpages%2F76\" target=\"_self\">Logowanie<\/a><a class=\"register-link\" href=\"https:\/\/r4h.pl\/wp-login.php?action=register\" target=\"_self\">Zarejestruj si\u0119<\/a><\/div><div id=\"forum-search\"><span class=\"search-icon fas fa-search\"><\/span><form method=\"get\" action=\"https:\/\/r4h.pl\/index.php\/forum\/search\/\"><input name=\"keywords\" type=\"search\" placeholder=\"Szukaj ...\" value=\"\"><\/form><\/div><div class=\"clear\"><\/div><\/div><div id=\"forum-breadcrumbs\" itemscope itemtype=\"http:\/\/schema.org\/BreadcrumbList\"><span class=\"screen-reader-text\">\u015acie\u017cka forum - jeste\u015b tutaj:<\/span><span class=\"breadcrumb-icon fas fa-home\"><\/span><span itemprop=\"itemListElement\" itemscope itemtype=\"https:\/\/schema.org\/ListItem\"><a itemprop=\"item\" href=\"https:\/\/r4h.pl\/index.php\/forum\" title=\"Forum\"><span itemprop=\"name\">Forum<\/span><\/a><meta itemprop=\"position\" content=\"1\"><\/span><span class=\"breadcrumb-icon fas fa-chevron-right separator\"><\/span><\/div><h1 class=\"main-title main-title-\">Forum<\/h1><div class=\"title-element\" id=\"forum-category-4\">Arduino<span class=\"last-post-headline\">Ostatni wpis<\/span><\/div><div class=\"content-container\"><div class=\"content-element forum\" id=\"forum-1\"><div class=\"forum-status read\"><i class=\"fas fa-comments\"><\/i><\/div><div class=\"forum-name\"><a class=\"forum-title\" href=\"https:\/\/r4h.pl\/index.php\/forum\/forum\/programy\/\">Programy<\/a><small class=\"forum-description\">Sketches do Arduino<\/small><small class=\"forum-stats\">0 temat\u00f3w&nbsp;&middot;&nbsp;0 wpis\u00f3w<\/small><small class=\"forum-lastpost-small\"><small class=\"no-topics\">Na razie brak temat\u00f3w!<\/small><\/small><\/div><div class=\"forum-poster\"><small class=\"no-topics\">Na razie brak temat\u00f3w!<\/small><\/div><\/div><\/div><div class=\"title-element\" id=\"forum-category-5\">Domoticz<span class=\"last-post-headline\">Ostatni wpis<\/span><\/div><div class=\"content-container\"><div class=\"content-element forum\" id=\"forum-2\"><div class=\"forum-status read\"><i class=\"fas fa-comments\"><\/i><\/div><div class=\"forum-name\"><a class=\"forum-title\" href=\"https:\/\/r4h.pl\/index.php\/forum\/forum\/program\/\">Program<\/a><small class=\"forum-description\">O Domoticzu<\/small><small class=\"forum-stats\">0 temat\u00f3w&nbsp;&middot;&nbsp;0 wpis\u00f3w<\/small><small class=\"forum-lastpost-small\"><small class=\"no-topics\">Na razie brak temat\u00f3w!<\/small><\/small><\/div><div class=\"forum-poster\"><small class=\"no-topics\">Na razie brak temat\u00f3w!<\/small><\/div><\/div><div class=\"content-element forum\" id=\"forum-3\"><div class=\"forum-status read\"><i class=\"fas fa-comments\"><\/i><\/div><div class=\"forum-name\"><a class=\"forum-title\" href=\"https:\/\/r4h.pl\/index.php\/forum\/forum\/zadania\/\">Zadania<\/a><small class=\"forum-description\">Blokly i inne<\/small><small class=\"forum-stats\">0 temat\u00f3w&nbsp;&middot;&nbsp;0 wpis\u00f3w<\/small><small class=\"forum-lastpost-small\"><small class=\"no-topics\">Na razie brak temat\u00f3w!<\/small><\/small><\/div><div class=\"forum-poster\"><small class=\"no-topics\">Na razie brak temat\u00f3w!<\/small><\/div><\/div><\/div><div class=\"title-element\" id=\"forum-category-7\">Nasze Projekty<span class=\"last-post-headline\">Ostatni wpis<\/span><\/div><div class=\"content-container\"><div class=\"content-element forum\" id=\"forum-4\"><div class=\"forum-status read\"><i class=\"fas fa-comments\"><\/i><\/div><div class=\"forum-name\"><a class=\"forum-title\" href=\"https:\/\/r4h.pl\/index.php\/forum\/forum\/szafa\/\">Szafa<\/a><small class=\"forum-description\">Poka\u017c co masz w szafie<\/small><small class=\"forum-stats\">0 temat\u00f3w&nbsp;&middot;&nbsp;0 wpis\u00f3w<\/small><small class=\"forum-lastpost-small\"><small class=\"no-topics\">Na razie brak temat\u00f3w!<\/small><\/small><\/div><div class=\"forum-poster\"><small class=\"no-topics\">Na razie brak temat\u00f3w!<\/small><\/div><\/div><\/div><div class=\"title-element\" id=\"forum-category-6\">Raspberry<span class=\"last-post-headline\">Ostatni wpis<\/span><\/div><div class=\"content-container\"><div class=\"content-element forum\" id=\"forum-5\"><div class=\"forum-status read\"><i class=\"fas fa-comments\"><\/i><\/div><div class=\"forum-name\"><a class=\"forum-title\" href=\"https:\/\/r4h.pl\/index.php\/forum\/forum\/instalacja\/\">Instalacja<\/a><small class=\"forum-stats\">0 temat\u00f3w&nbsp;&middot;&nbsp;0 wpis\u00f3w<\/small><small class=\"forum-lastpost-small\"><small class=\"no-topics\">Na razie brak temat\u00f3w!<\/small><\/small><\/div><div class=\"forum-poster\"><small class=\"no-topics\">Na razie brak temat\u00f3w!<\/small><\/div><\/div><div class=\"content-element forum\" id=\"forum-6\"><div class=\"forum-status read\"><i class=\"fas fa-comments\"><\/i><\/div><div class=\"forum-name\"><a class=\"forum-title\" href=\"https:\/\/r4h.pl\/index.php\/forum\/forum\/konfiguracja\/\">Konfiguracja<\/a><small class=\"forum-stats\">0 temat\u00f3w&nbsp;&middot;&nbsp;0 wpis\u00f3w<\/small><small class=\"forum-lastpost-small\"><small class=\"no-topics\">Na razie brak temat\u00f3w!<\/small><\/small><\/div><div class=\"forum-poster\"><small class=\"no-topics\">Na razie brak temat\u00f3w!<\/small><\/div><\/div><div class=\"content-element forum\" id=\"forum-7\"><div class=\"forum-status read\"><i class=\"fas fa-comments\"><\/i><\/div><div class=\"forum-name\"><a class=\"forum-title\" href=\"https:\/\/r4h.pl\/index.php\/forum\/forum\/inne\/\">Inne<\/a><small class=\"forum-stats\">0 temat\u00f3w&nbsp;&middot;&nbsp;0 wpis\u00f3w<\/small><small class=\"forum-lastpost-small\"><small class=\"no-topics\">Na razie brak temat\u00f3w!<\/small><\/small><\/div><div class=\"forum-poster\"><small class=\"no-topics\">Na razie brak temat\u00f3w!<\/small><\/div><\/div><\/div><div id=\"read-unread\"><span class=\"indicator unread\"><\/span><span class=\"indicator-label\">Nowe wpisy<\/span><span class=\"indicator read\"><\/span><span class=\"indicator-label\">Nic nowego<\/span><span class=\"indicator-label\"><span class=\"fas fa-check\"><\/span><a href=\"https:\/\/r4h.pl\/index.php\/forum\/markallread\/?_wpnonce=e5259261ef\">Oznacz wszystkie jako przeczytane<\/a><\/span><span class=\"indicator-label\"><span class=\"fas fa-history\"><\/span><a href=\"https:\/\/r4h.pl\/index.php\/forum\/unread\/\">Poka\u017c nieprzeczytane tematy<\/a><\/span><div class=\"clear\"><\/div><\/div><div id=\"statistics\"><div class=\"title-element title-element-dark\"><span class=\"title-element-icon fas fa-chart-pie\"><\/span>Statystyka<\/div><div id=\"statistics-body\"><div id=\"statistics-elements\"><div class=\"statistics-element\"><div class=\"element-number\"><span class=\"statistics-element-icon far fa-comments\"><\/span>0<\/div><div class=\"element-name\">Tematy<\/div><\/div><div class=\"statistics-element\"><div class=\"element-number\"><span class=\"statistics-element-icon far fa-comment\"><\/span>0<\/div><div class=\"element-name\">Wpisy<\/div><\/div><div class=\"statistics-element\"><div class=\"element-number\"><span class=\"statistics-element-icon far fa-eye\"><\/span>0<\/div><div class=\"element-name\">Wy\u015bwietlenia<\/div><\/div><div class=\"statistics-element\"><div class=\"element-number\"><span class=\"statistics-element-icon far fa-user\"><\/span>2<\/div><div class=\"element-name\">U\u017cytkownicy<\/div><\/div><div class=\"statistics-element\"><div class=\"element-number\"><span class=\"statistics-element-icon far fa-lightbulb\"><\/span>0<\/div><div class=\"element-name\">Online<\/div><\/div><\/div><div id=\"statistics-online-users\"><span class=\"online-users-icon fas fa-user\"><\/span>Najnowszy cz\u0142onek:&nbsp;<i><a class=\"profile-link highlight-admin\" href=\"https:\/\/r4h.pl\/index.php\/forum\/profile\/serfer\/\">serfer<\/a><\/i>&nbsp;&middot;&nbsp;<span class=\"online-users-icon fas fa-users\"><\/span><i>Obecnie nie ma nikogo online.<\/i><\/div><\/div><div class=\"clear\"><\/div><\/div><div id=\"bottom-navigation\"><\/div><div class=\"clear\"><\/div><\/div>\n","protected":false},"excerpt":{"rendered":"","protected":false},"author":1,"featured_media":0,"parent":0,"menu_order":0,"comment_status":"closed","ping_status":"closed","template":"","meta":{"footnotes":""},"class_list":["post-76","page","type-page","status-publish","hentry"],"_links":{"self":[{"href":"https:\/\/r4h.pl\/index.php\/wp-json\/wp\/v2\/pages\/76","targetHints":{"allow":["GET"]}}],"collection":[{"href":"https:\/\/r4h.pl\/index.php\/wp-json\/wp\/v2\/pages"}],"about":[{"href":"https:\/\/r4h.pl\/index.php\/wp-json\/wp\/v2\/types\/page"}],"author":[{"embeddable":true,"href":"https:\/\/r4h.pl\/index.php\/wp-json\/wp\/v2\/users\/1"}],"replies":[{"embeddable":true,"href":"https:\/\/r4h.pl\/index.php\/wp-json\/wp\/v2\/comments?post=76"}],"version-history":[{"count":2,"href":"https:\/\/r4h.pl\/index.php\/wp-json\/wp\/v2\/pages\/76\/revisions"}],"predecessor-version":[{"id":114,"href":"https:\/\/r4h.pl\/index.php\/wp-json\/wp\/v2\/pages\/76\/revisions\/114"}],"wp:attachment":[{"href":"https:\/\/r4h.pl\/index.php\/wp-json\/wp\/v2\/media?parent=76"}],"curies":[{"name":"wp","href":"https:\/\/api.w.org\/{rel}","templated":true}]}}